{"id":394,"date":"2025-08-29T19:31:24","date_gmt":"2025-08-29T19:31:24","guid":{"rendered":"https:\/\/lavender-lyrebird-197428.hostingersite.com\/?page_id=394"},"modified":"2025-09-02T17:44:09","modified_gmt":"2025-09-02T17:44:09","slug":"pagina-de-pruebas","status":"publish","type":"page","link":"https:\/\/padilla.com.pe\/en\/pagina-de-pruebas\/","title":{"rendered":"pagina de pruebas"},"content":{"rendered":"[et_pb_section admin_label=\u00bbsection\u00bb]\n\t\t\t[et_pb_row admin_label=\u00bbrow\u00bb]\n\t\t\t\t[et_pb_column type=\u00bb4_4&#8243;][et_pb_text admin_label=\u00bbText\u00bb][\/et_pb_text][\/et_pb_column]\n\t\t\t[\/et_pb_row]\n\t\t[\/et_pb_section]","protected":false},"excerpt":{"rendered":"","protected":false},"author":1,"featured_media":0,"parent":0,"menu_order":0,"comment_status":"closed","ping_status":"closed","template":"","meta":{"_et_pb_use_builder":"on","_et_pb_old_content":"<!-- wp:divi\/placeholder \/-->","_et_gb_content_width":"","footnotes":""},"class_list":["post-394","page","type-page","status-publish","hentry"],"yoast_head":"<!-- This site is optimized with the Yoast SEO plugin v27.0 - https:\/\/yoast.com\/product\/yoast-seo-wordpress\/ -->\n<title>pagina de pruebas - Padilla Legal<\/title>\n<meta name=\"robots\" content=\"index, follow, max-snippet:-1, max-image-preview:large, max-video-preview:-1\" \/>\n<link rel=\"canonical\" href=\"https:\/\/padilla.com.pe\/en\/pagina-de-pruebas\/\" \/>\n<meta property=\"og:locale\" content=\"en_US\" \/>\n<meta property=\"og:type\" content=\"article\" \/>\n<meta property=\"og:title\" content=\"pagina de pruebas - Padilla Legal\" \/>\n<meta property=\"og:url\" content=\"https:\/\/padilla.com.pe\/en\/pagina-de-pruebas\/\" \/>\n<meta property=\"og:site_name\" content=\"Padilla Legal\" \/>\n<meta property=\"article:modified_time\" content=\"2025-09-02T17:44:09+00:00\" \/>\n<meta name=\"twitter:card\" content=\"summary_large_image\" \/>\n<script type=\"application\/ld+json\" class=\"yoast-schema-graph\">{\"@context\":\"https:\/\/schema.org\",\"@graph\":[{\"@type\":\"WebPage\",\"@id\":\"https:\/\/padilla.com.pe\/pagina-de-pruebas\/\",\"url\":\"https:\/\/padilla.com.pe\/pagina-de-pruebas\/\",\"name\":\"pagina de pruebas - Padilla Legal\",\"isPartOf\":{\"@id\":\"https:\/\/padilla.com.pe\/#website\"},\"datePublished\":\"2025-08-29T19:31:24+00:00\",\"dateModified\":\"2025-09-02T17:44:09+00:00\",\"breadcrumb\":{\"@id\":\"https:\/\/padilla.com.pe\/pagina-de-pruebas\/#breadcrumb\"},\"inLanguage\":\"en-US\",\"potentialAction\":[{\"@type\":\"ReadAction\",\"target\":[\"https:\/\/padilla.com.pe\/pagina-de-pruebas\/\"]}]},{\"@type\":\"BreadcrumbList\",\"@id\":\"https:\/\/padilla.com.pe\/pagina-de-pruebas\/#breadcrumb\",\"itemListElement\":[{\"@type\":\"ListItem\",\"position\":1,\"name\":\"Portada\",\"item\":\"https:\/\/padilla.com.pe\/\"},{\"@type\":\"ListItem\",\"position\":2,\"name\":\"pagina de pruebas\"}]},{\"@type\":\"WebSite\",\"@id\":\"https:\/\/padilla.com.pe\/#website\",\"url\":\"https:\/\/padilla.com.pe\/\",\"name\":\"Padilla Legal\",\"description\":\"Somos un estudio jur\u00eddico que combina una s\u00f3lida experiencia en derecho penal con una profunda comprensi\u00f3n del marco normativo relacionado con el saneamiento de Inmuebles y el desarrollo inmobiliario.\",\"potentialAction\":[{\"@type\":\"SearchAction\",\"target\":{\"@type\":\"EntryPoint\",\"urlTemplate\":\"https:\/\/padilla.com.pe\/?s={search_term_string}\"},\"query-input\":{\"@type\":\"PropertyValueSpecification\",\"valueRequired\":true,\"valueName\":\"search_term_string\"}}],\"inLanguage\":\"en-US\"}]}<\/script>\n<!-- \/ Yoast SEO plugin. -->","yoast_head_json":{"title":"pagina de pruebas - Padilla Legal","robots":{"index":"index","follow":"follow","max-snippet":"max-snippet:-1","max-image-preview":"max-image-preview:large","max-video-preview":"max-video-preview:-1"},"canonical":"https:\/\/padilla.com.pe\/en\/pagina-de-pruebas\/","og_locale":"en_US","og_type":"article","og_title":"pagina de pruebas - Padilla Legal","og_url":"https:\/\/padilla.com.pe\/en\/pagina-de-pruebas\/","og_site_name":"Padilla Legal","article_modified_time":"2025-09-02T17:44:09+00:00","twitter_card":"summary_large_image","schema":{"@context":"https:\/\/schema.org","@graph":[{"@type":"WebPage","@id":"https:\/\/padilla.com.pe\/pagina-de-pruebas\/","url":"https:\/\/padilla.com.pe\/pagina-de-pruebas\/","name":"pagina de pruebas - Padilla Legal","isPartOf":{"@id":"https:\/\/padilla.com.pe\/#website"},"datePublished":"2025-08-29T19:31:24+00:00","dateModified":"2025-09-02T17:44:09+00:00","breadcrumb":{"@id":"https:\/\/padilla.com.pe\/pagina-de-pruebas\/#breadcrumb"},"inLanguage":"en-US","potentialAction":[{"@type":"ReadAction","target":["https:\/\/padilla.com.pe\/pagina-de-pruebas\/"]}]},{"@type":"BreadcrumbList","@id":"https:\/\/padilla.com.pe\/pagina-de-pruebas\/#breadcrumb","itemListElement":[{"@type":"ListItem","position":1,"name":"Portada","item":"https:\/\/padilla.com.pe\/"},{"@type":"ListItem","position":2,"name":"pagina de pruebas"}]},{"@type":"WebSite","@id":"https:\/\/padilla.com.pe\/#website","url":"https:\/\/padilla.com.pe\/","name":"Padilla Legal","description":"Somos un estudio jur\u00eddico que combina una s\u00f3lida experiencia en derecho penal con una profunda comprensi\u00f3n del marco normativo relacionado con el saneamiento de Inmuebles y el desarrollo inmobiliario.","potentialAction":[{"@type":"SearchAction","target":{"@type":"EntryPoint","urlTemplate":"https:\/\/padilla.com.pe\/?s={search_term_string}"},"query-input":{"@type":"PropertyValueSpecification","valueRequired":true,"valueName":"search_term_string"}}],"inLanguage":"en-US"}]}},"_links":{"self":[{"href":"https:\/\/padilla.com.pe\/en\/wp-json\/wp\/v2\/pages\/394","targetHints":{"allow":["GET"]}}],"collection":[{"href":"https:\/\/padilla.com.pe\/en\/wp-json\/wp\/v2\/pages"}],"about":[{"href":"https:\/\/padilla.com.pe\/en\/wp-json\/wp\/v2\/types\/page"}],"author":[{"embeddable":true,"href":"https:\/\/padilla.com.pe\/en\/wp-json\/wp\/v2\/users\/1"}],"replies":[{"embeddable":true,"href":"https:\/\/padilla.com.pe\/en\/wp-json\/wp\/v2\/comments?post=394"}],"version-history":[{"count":2,"href":"https:\/\/padilla.com.pe\/en\/wp-json\/wp\/v2\/pages\/394\/revisions"}],"predecessor-version":[{"id":513,"href":"https:\/\/padilla.com.pe\/en\/wp-json\/wp\/v2\/pages\/394\/revisions\/513"}],"wp:attachment":[{"href":"https:\/\/padilla.com.pe\/en\/wp-json\/wp\/v2\/media?parent=394"}],"curies":[{"name":"wp","href":"https:\/\/api.w.org\/{rel}","templated":true}]}}